{"id":1344,"date":"2025-11-05T13:56:47","date_gmt":"2025-11-05T12:56:47","guid":{"rendered":"https:\/\/enzobel.com\/?page_id=1344"},"modified":"2026-01-16T12:26:42","modified_gmt":"2026-01-16T11:26:42","slug":"luvis","status":"publish","type":"page","link":"https:\/\/enzobel.com\/en\/projets\/luvis\/","title":{"rendered":"LUVIS"},"content":{"rendered":"<figure class=\"wp-block-image alignfull size-full\"><img loading=\"lazy\" decoding=\"async\" width=\"2560\" height=\"1440\" src=\"https:\/\/enzobel.com\/wp-content\/uploads\/2025\/11\/IMG_2530-edited-scaled.jpg\" alt=\"\" class=\"wp-image-1413\" srcset=\"https:\/\/enzobel.com\/wp-content\/uploads\/2025\/11\/IMG_2530-edited-scaled.jpg 2560w, https:\/\/enzobel.com\/wp-content\/uploads\/2025\/11\/IMG_2530-edited-300x169.jpg 300w, https:\/\/enzobel.com\/wp-content\/uploads\/2025\/11\/IMG_2530-edited-1024x576.jpg 1024w, https:\/\/enzobel.com\/wp-content\/uploads\/2025\/11\/IMG_2530-edited-768x432.jpg 768w, https:\/\/enzobel.com\/wp-content\/uploads\/2025\/11\/IMG_2530-edited-1536x864.jpg 1536w, https:\/\/enzobel.com\/wp-content\/uploads\/2025\/11\/IMG_2530-edited-2048x1152.jpg 2048w, https:\/\/enzobel.com\/wp-content\/uploads\/2025\/11\/IMG_2530-edited-18x10.jpg 18w\" sizes=\"auto, (max-width: 2560px) 100vw, 2560px\" \/><\/figure>\n\n\n\n<p class=\"has-text-align-left is-style-text-display has-contrast-color has-text-color has-link-color has-galvji-font-family has-xx-large-font-size wp-elements-40fd39f0640dd5dd94f44c33a914f5ad is-style-text-display--1\" style=\"margin-top:var(--wp--preset--spacing--50);margin-bottom:0;font-style:normal;font-weight:700;letter-spacing:0px;text-transform:uppercase\">Luvis<\/p>\n\n\n\n<p class=\"has-text-align-left has-medium-font-size\">2025<\/p>\n\n\n\n<p class=\"has-text-align-left is-style-default has-small-font-size\" style=\"margin-top:var(--wp--preset--spacing--40);margin-bottom:var(--wp--preset--spacing--40)\"><em>Polished bronze, 3D printed PETG, 470 lm \u2013 2700 K LED bulb, progressive dimmer, brass E27 socket, braided textile cord. 340 \u00d7 340 \u00d7 275 mm.<\/em><\/p>\n\n\n\n<p class=\"has-text-align-left is-style-default has-contrast-color has-text-color has-link-color has-medium-font-size wp-elements-f1d9d1c6229648026d6471a2cd4460a8\" style=\"margin-top:var(--wp--preset--spacing--60);margin-right:0;margin-bottom:var(--wp--preset--spacing--60);margin-left:0\">Expos\u00e9 du 13 novembre 2025 au 4 janvier 2026 \u00e0 la Cit\u00e9 des Climats et vins de Bourgogne.<br><em>Parc de la Chartreuse, 21 Avenue Charles de Gaulle, 21200 Beaune<\/em><\/p>\n\n\n\n<p class=\"has-text-align-left is-style-default has-contrast-color has-text-color has-link-color has-medium-font-size wp-elements-c38a3b0902c06c8d90c20c15e0ae07ac\" style=\"margin-top:var(--wp--preset--spacing--60);margin-right:0;margin-bottom:var(--wp--preset--spacing--60);margin-left:0\">Lighting fixture created for the Young Artistic Creation Prize of the M\u00e9o-Camuzet estate in Vosne-Roman\u00e9e. Through a poetic and symbolic interpretation of its region, this project pays tribute to Burgundy and the influence of its heritage.<\/p>\n\n\n\n<figure class=\"wp-block-image alignfull size-full has-custom-border\" style=\"margin-top:0;margin-bottom:0\"><img loading=\"lazy\" decoding=\"async\" width=\"2560\" height=\"1920\" src=\"https:\/\/enzobel.com\/wp-content\/uploads\/2025\/10\/IMG_2527-scaled.jpg\" alt=\"\" class=\"wp-image-1072\" style=\"border-radius:0px\" srcset=\"https:\/\/enzobel.com\/wp-content\/uploads\/2025\/10\/IMG_2527-scaled.jpg 2560w, https:\/\/enzobel.com\/wp-content\/uploads\/2025\/10\/IMG_2527-300x225.jpg 300w, https:\/\/enzobel.com\/wp-content\/uploads\/2025\/10\/IMG_2527-1024x768.jpg 1024w, https:\/\/enzobel.com\/wp-content\/uploads\/2025\/10\/IMG_2527-768x576.jpg 768w, https:\/\/enzobel.com\/wp-content\/uploads\/2025\/10\/IMG_2527-1536x1152.jpg 1536w, https:\/\/enzobel.com\/wp-content\/uploads\/2025\/10\/IMG_2527-2048x1536.jpg 2048w, https:\/\/enzobel.com\/wp-content\/uploads\/2025\/10\/IMG_2527-16x12.jpg 16w\" sizes=\"auto, (max-width: 2560px) 100vw, 2560px\" \/><\/figure>\n\n\n\n<figure class=\"wp-block-image alignfull size-full has-custom-border\" style=\"margin-top:var(--wp--preset--spacing--50);margin-bottom:var(--wp--preset--spacing--50)\"><img loading=\"lazy\" decoding=\"async\" width=\"2560\" height=\"1920\" src=\"https:\/\/enzobel.com\/wp-content\/uploads\/2025\/10\/IMG_2524-scaled.jpg\" alt=\"\" class=\"wp-image-1071\" style=\"border-radius:0px\" srcset=\"https:\/\/enzobel.com\/wp-content\/uploads\/2025\/10\/IMG_2524-scaled.jpg 2560w, https:\/\/enzobel.com\/wp-content\/uploads\/2025\/10\/IMG_2524-300x225.jpg 300w, https:\/\/enzobel.com\/wp-content\/uploads\/2025\/10\/IMG_2524-1024x768.jpg 1024w, https:\/\/enzobel.com\/wp-content\/uploads\/2025\/10\/IMG_2524-768x576.jpg 768w, https:\/\/enzobel.com\/wp-content\/uploads\/2025\/10\/IMG_2524-1536x1152.jpg 1536w, https:\/\/enzobel.com\/wp-content\/uploads\/2025\/10\/IMG_2524-2048x1536.jpg 2048w, https:\/\/enzobel.com\/wp-content\/uploads\/2025\/10\/IMG_2524-16x12.jpg 16w\" sizes=\"auto, (max-width: 2560px) 100vw, 2560px\" \/><\/figure>\n\n\n\n<figure class=\"wp-block-image alignfull size-full\"><img loading=\"lazy\" decoding=\"async\" width=\"2560\" height=\"1920\" src=\"https:\/\/enzobel.com\/wp-content\/uploads\/2025\/10\/IMG_1216-scaled.jpg\" alt=\"\" class=\"wp-image-1075\" srcset=\"https:\/\/enzobel.com\/wp-content\/uploads\/2025\/10\/IMG_1216-scaled.jpg 2560w, https:\/\/enzobel.com\/wp-content\/uploads\/2025\/10\/IMG_1216-300x225.jpg 300w, https:\/\/enzobel.com\/wp-content\/uploads\/2025\/10\/IMG_1216-1024x768.jpg 1024w, https:\/\/enzobel.com\/wp-content\/uploads\/2025\/10\/IMG_1216-768x576.jpg 768w, https:\/\/enzobel.com\/wp-content\/uploads\/2025\/10\/IMG_1216-1536x1152.jpg 1536w, https:\/\/enzobel.com\/wp-content\/uploads\/2025\/10\/IMG_1216-2048x1536.jpg 2048w, https:\/\/enzobel.com\/wp-content\/uploads\/2025\/10\/IMG_1216-16x12.jpg 16w\" sizes=\"auto, (max-width: 2560px) 100vw, 2560px\" \/><\/figure>\n\n\n\n<figure class=\"wp-block-image alignfull size-full has-custom-border is-style-default\" style=\"margin-top:var(--wp--preset--spacing--50);margin-bottom:var(--wp--preset--spacing--50)\"><img loading=\"lazy\" decoding=\"async\" width=\"2560\" height=\"1707\" src=\"https:\/\/enzobel.com\/wp-content\/uploads\/2025\/11\/IMG_2574-edited-scaled.jpg\" alt=\"\" class=\"wp-image-1428\" style=\"border-radius:5px\" srcset=\"https:\/\/enzobel.com\/wp-content\/uploads\/2025\/11\/IMG_2574-edited-scaled.jpg 2560w, https:\/\/enzobel.com\/wp-content\/uploads\/2025\/11\/IMG_2574-edited-300x200.jpg 300w, https:\/\/enzobel.com\/wp-content\/uploads\/2025\/11\/IMG_2574-edited-1024x683.jpg 1024w, https:\/\/enzobel.com\/wp-content\/uploads\/2025\/11\/IMG_2574-edited-768x512.jpg 768w, https:\/\/enzobel.com\/wp-content\/uploads\/2025\/11\/IMG_2574-edited-1536x1024.jpg 1536w, https:\/\/enzobel.com\/wp-content\/uploads\/2025\/11\/IMG_2574-edited-2048x1365.jpg 2048w, https:\/\/enzobel.com\/wp-content\/uploads\/2025\/11\/IMG_2574-edited-18x12.jpg 18w\" sizes=\"auto, (max-width: 2560px) 100vw, 2560px\" \/><\/figure>\n\n\n\n<p class=\"has-text-align-left has-medium-font-size\" style=\"margin-top:var(--wp--preset--spacing--40);margin-bottom:var(--wp--preset--spacing--40)\">Bloc de bronze usin\u00e9 et poli \u00e0 la main par S\u00e9bastien Rossi, sur un tour \u00e0 m\u00e9taux traditionnel. Luminaire con\u00e7u et fabriqu\u00e9 dans le Jura.<\/p>\n\n\n\n<figure class=\"wp-block-video alignfull\" style=\"margin-top:var(--wp--preset--spacing--40);margin-right:0;margin-bottom:var(--wp--preset--spacing--40);margin-left:0\"><video height=\"1080\" style=\"aspect-ratio: 1920 \/ 1080;\" width=\"1920\" controls loop muted src=\"https:\/\/enzobel.com\/wp-content\/uploads\/2026\/01\/LUVIS.mp4\"><\/video><\/figure>","protected":false},"excerpt":{"rendered":"<p>Luvis 2025 Bronze poli, PETG imprim\u00e9 3D, ampoule LED 470 lm \u2013 2700 K, variateur d\u2019intensit\u00e9 progressif, douille E27 en laiton, cordon tress\u00e9 textile. 340 \u00d7 340 \u00d7 275 mm. Expos\u00e9 du 13 novembre 2025 au 4 janvier 2026 \u00e0 la Cit\u00e9 des Climats et vins de Bourgogne.Parc de la Chartreuse, 21 Avenue Charles de [&hellip;]<\/p>\n","protected":false},"author":1,"featured_media":0,"parent":11,"menu_order":3,"comment_status":"closed","ping_status":"closed","template":"page-no-title","meta":{"_monsterinsights_skip_tracking":false,"_monsterinsights_sitenote_active":false,"_monsterinsights_sitenote_note":"","_monsterinsights_sitenote_category":0,"footnotes":""},"class_list":["post-1344","page","type-page","status-publish","hentry"],"_links":{"self":[{"href":"https:\/\/enzobel.com\/en\/wp-json\/wp\/v2\/pages\/1344","targetHints":{"allow":["GET"]}}],"collection":[{"href":"https:\/\/enzobel.com\/en\/wp-json\/wp\/v2\/pages"}],"about":[{"href":"https:\/\/enzobel.com\/en\/wp-json\/wp\/v2\/types\/page"}],"author":[{"embeddable":true,"href":"https:\/\/enzobel.com\/en\/wp-json\/wp\/v2\/users\/1"}],"replies":[{"embeddable":true,"href":"https:\/\/enzobel.com\/en\/wp-json\/wp\/v2\/comments?post=1344"}],"version-history":[{"count":94,"href":"https:\/\/enzobel.com\/en\/wp-json\/wp\/v2\/pages\/1344\/revisions"}],"predecessor-version":[{"id":1765,"href":"https:\/\/enzobel.com\/en\/wp-json\/wp\/v2\/pages\/1344\/revisions\/1765"}],"up":[{"embeddable":true,"href":"https:\/\/enzobel.com\/en\/wp-json\/wp\/v2\/pages\/11"}],"wp:attachment":[{"href":"https:\/\/enzobel.com\/en\/wp-json\/wp\/v2\/media?parent=1344"}],"curies":[{"name":"wp","href":"https:\/\/api.w.org\/{rel}","templated":true}]}}